{"id":809,"date":"2023-04-02T13:46:11","date_gmt":"2023-04-02T13:46:11","guid":{"rendered":"https:\/\/aequitastax.com\/?page_id=809"},"modified":"2025-01-07T15:10:34","modified_gmt":"2025-01-07T15:10:34","slug":"legal-disclaimer","status":"publish","type":"page","link":"https:\/\/aequitastax.com\/es\/legal-disclaimer\/","title":{"rendered":"Nota legal"},"content":{"rendered":"<div data-elementor-type=\"wp-page\" data-elementor-id=\"809\" class=\"elementor elementor-809\" data-elementor-post-type=\"page\">\n\t\t\t\t\t\t<section class=\"elementor-section elementor-top-section elementor-element elementor-element-143fd7e elementor-section-boxed elementor-section-height-default elementor-section-height-default\" data-id=\"143fd7e\" data-element_type=\"section\">\n\t\t\t\t\t\t<div class=\"elementor-container elementor-column-gap-default\">\n\t\t\t\t\t<div class=\"elementor-column elementor-col-100 elementor-top-column elementor-element elementor-element-8079dd7\" data-id=\"8079dd7\" data-element_type=\"column\">\n\t\t\t<div class=\"elementor-widget-wrap elementor-element-populated\">\n\t\t\t\t\t\t<div class=\"elementor-element elementor-element-f31d0c4 elementor-view-default elementor-position-top elementor-widget elementor-widget-themo-header\" data-id=\"f31d0c4\" data-element_type=\"widget\" data-widget_type=\"themo-header.default\">\n\t\t\t\t<div class=\"elementor-widget-container\">\n\t\t\t\t\t\t\t<div class=\"th-header-wrap\">\n        <div class=\"elementor-icon-box-wrapper\">\n                            <div class=\"elementor-icon-box-content\">\n                    <h1 class=\"elementor-icon-box-title\">\n                        Aviso legal \/ Pol\u00edtica de privacidad                    <\/h1>\n                                        <p class=\"elementor-icon-box-description\">La informaci\u00f3n proporcionada en el sitio web de Aequitas Tax tiene \u00fanicamente fines informativos generales; no tiene como objetivo brindar asesoramiento legal, financiero o contable. Aunque hacemos todo lo posible para garantizar que la informaci\u00f3n en nuestro sitio web sea precisa y est\u00e9 actualizada, no ofrecemos ninguna garant\u00eda, expresa o impl\u00edcita, con respecto a la integridad, precisi\u00f3n, confiabilidad, idoneidad o disponibilidad de la informaci\u00f3n, los productos, los servicios o los gr\u00e1ficos relacionados en nuestro sitio web. Cualquier confianza en dicha informaci\u00f3n corre por su cuenta y riesgo. Adem\u00e1s, el contenido de nuestro sitio web no crea una relaci\u00f3n profesional-cliente entre usted y Aequitas Tax, y la recepci\u00f3n de la informaci\u00f3n en nuestro sitio web no debe considerarse como tal. Antes de tomar cualquier acci\u00f3n basada en la informaci\u00f3n de nuestro sitio web, se recomienda que busque asesoramiento legal, financiero o contable adecuado. La informaci\u00f3n que recopilamos en este sitio web es para que podamos ayudarlo mejor con sus necesidades profesionales y, en algunos casos, para cumplir con las pautas profesionales. Protegemos su informaci\u00f3n personal p\u00fablica y no p\u00fablica, mantenemos salvaguardas f\u00edsicas, electr\u00f3nicas y de procedimiento que cumplen con nuestros est\u00e1ndares profesionales. Ll\u00e1menos si tiene alguna pregunta sobre su privacidad. Adem\u00e1s, no somos responsables de ning\u00fan contenido de terceros al que se pueda acceder a trav\u00e9s de nuestro sitio web. Todos los enlaces a sitios web o informaci\u00f3n de terceros se proporcionan solo para su conveniencia y no constituyen ning\u00fan respaldo, patrocinio o afiliaci\u00f3n con el tercero o su contenido. El consentimiento de SMS y los n\u00fameros de tel\u00e9fono no se compartir\u00e1n con terceros o afiliados con fines de marketing. Finalmente, usar nuestro sitio web o transmitir cualquier informaci\u00f3n a Aequitas Tax no crea una relaci\u00f3n confidencial o privilegiada entre usted y Aequitas Tax o cualquiera de nuestros empleados o agentes. Cualquier transmisi\u00f3n de informaci\u00f3n no es segura y se realiza bajo su propio riesgo. Tenga en cuenta que nos reservamos el derecho de modificar este descargo de responsabilidad en cualquier momento sin previo aviso, y su uso continuo de nuestro sitio web constituye su aceptaci\u00f3n de estar sujeto a la versi\u00f3n actual de este descargo de responsabilidad. T\u00e9rminos y condiciones de SMS \u2022 La informaci\u00f3n obtenida como parte del proceso de consentimiento de SMS no se compartir\u00e1 con terceros con fines de marketing. \u2022 Si ha dado su consentimiento para recibir mensajes de texto de Aequitas Tax, puede recibir mensajes de texto relacionados con su cuenta. \u2022 Por ejemplo: Hola, gracias por contactar a Aequitas Tax, \u00bfc\u00f3mo podemos ayudarlo? Responder Detener para cancelar la suscripci\u00f3n en cualquier momento. Pueden aplicarse tarifas por mensajes y datos; para asistencia, env\u00ede un mensaje de texto con la palabra &quot;Ayuda&quot; o llame al 212-659-7298 \u2022 Nuestra frecuencia de mensajes SMS ser\u00e1 de 1 a 25 mensajes de texto diarios para todos los usuarios. \u2022 Muchos operadores cobran una tarifa por cada mensaje enviado o recibido. Esto puede variar seg\u00fan la estructura de precios del operador y si el mensaje se env\u00eda a nivel nacional o internacional. \u2022 El cliente optar\u00e1 por recibir mensajes SMS de Aequitas Tax a trav\u00e9s de los formularios de admisi\u00f3n en su sitio web ubicado en https:\/\/aequitastax.com\/contact-us\/ este acuerdo para SMS no se compartir\u00e1 con terceros con fines de marketing. \u2022 El cliente podr\u00e1 optar por no recibir mensajes SMS de Aequitas Tax respondiendo STOP en cualquier momento a cualquier mensaje SMS recibido, una vez que se haya dado de baja, no recibir\u00e1 m\u00e1s comunicaciones SMS. Puede volver a optar por recibir en cualquier momento respondiendo START \u2022 Divulgaciones de mensajer\u00eda est\u00e1ndar: pueden aplicarse tarifas de mensajes y datos. La frecuencia de los mensajes puede variar Puede optar por no recibir mensajes SMS en cualquier momento enviando un mensaje de texto con la palabra &quot;STOP&quot;. Para obtener ayuda, env\u00ede un mensaje de texto con la palabra &#039;AYUDA&#039; o visite nuestra pol\u00edtica de privacidad https:\/\/aequitastax.com\/legal-disclaimer\/\n<\/p>\n\n                                    <\/div>\n            <\/div>\n\n        <\/div>\n\n\t\t\t\t\t\t<\/div>\n\t\t\t\t<\/div>\n\t\t\t\t\t<\/div>\n\t\t<\/div>\n\t\t\t\t\t<\/div>\n\t\t<\/section>\n\t\t\t\t<\/div>","protected":false},"excerpt":{"rendered":"<p>Legal Disclaimer \/ Privacy Policy The information provided on the Aequitas Tax website is intended for general informational purposes only; it is not intended to provide legal, financial, or accounting advice. Although we make every effort to ensure that the &hellip; <a href=\"https:\/\/aequitastax.com\/es\/legal-disclaimer\/\">Leer m\u00e1s<\/a><\/p>","protected":false},"author":2,"featured_media":0,"parent":0,"menu_order":0,"comment_status":"closed","ping_status":"closed","template":"","meta":{"footnotes":"","_links_to":"","_links_to_target":""},"class_list":["post-809","page","type-page","status-publish","hentry"],"_links":{"self":[{"href":"https:\/\/aequitastax.com\/es\/wp-json\/wp\/v2\/pages\/809","targetHints":{"allow":["GET"]}}],"collection":[{"href":"https:\/\/aequitastax.com\/es\/wp-json\/wp\/v2\/pages"}],"about":[{"href":"https:\/\/aequitastax.com\/es\/wp-json\/wp\/v2\/types\/page"}],"author":[{"embeddable":true,"href":"https:\/\/aequitastax.com\/es\/wp-json\/wp\/v2\/users\/2"}],"replies":[{"embeddable":true,"href":"https:\/\/aequitastax.com\/es\/wp-json\/wp\/v2\/comments?post=809"}],"version-history":[{"count":16,"href":"https:\/\/aequitastax.com\/es\/wp-json\/wp\/v2\/pages\/809\/revisions"}],"predecessor-version":[{"id":1135,"href":"https:\/\/aequitastax.com\/es\/wp-json\/wp\/v2\/pages\/809\/revisions\/1135"}],"wp:attachment":[{"href":"https:\/\/aequitastax.com\/es\/wp-json\/wp\/v2\/media?parent=809"}],"curies":[{"name":"wp","href":"https:\/\/api.w.org\/{rel}","templated":true}]}}